{"id":1377,"date":"2024-06-20T12:30:57","date_gmt":"2024-06-20T09:30:57","guid":{"rendered":"https:\/\/www.ps.ro\/web\/?page_id=1377"},"modified":"2024-09-09T17:18:38","modified_gmt":"2024-09-09T14:18:38","slug":"blog","status":"publish","type":"page","link":"https:\/\/www.ps.ro\/web\/blog\/","title":{"rendered":"Blog"},"content":{"rendered":"\t\t<div data-elementor-type=\"wp-page\" data-elementor-id=\"1377\" class=\"elementor elementor-1377\">\n\t\t\t\t\t\t\t\t\t<section class=\"elementor-section elementor-top-section elementor-element elementor-element-1e62b06 elementor-section-boxed elementor-section-height-default elementor-section-height-default\" data-id=\"1e62b06\" data-element_type=\"section\">\n\t\t\t\t\t\t<div class=\"elementor-container elementor-column-gap-default\">\n\t\t\t\t\t<div class=\"elementor-column elementor-col-100 elementor-top-column elementor-element elementor-element-12ec53a\" data-id=\"12ec53a\" data-element_type=\"column\">\n\t\t\t<div class=\"elementor-widget-wrap elementor-element-populated\">\n\t\t\t\t\t\t\t\t<div class=\"elementor-element elementor-element-551144b elementor-widget elementor-widget-heading\" data-id=\"551144b\" data-element_type=\"widget\" data-widget_type=\"heading.default\">\n\t\t\t\t<div class=\"elementor-widget-container\">\n\t\t\t<style>\/*! elementor - v3.7.7 - 20-09-2022 *\/\n.elementor-heading-title{padding:0;margin:0;line-height:1}.elementor-widget-heading .elementor-heading-title[class*=elementor-size-]>a{color:inherit;font-size:inherit;line-height:inherit}.elementor-widget-heading .elementor-heading-title.elementor-size-small{font-size:15px}.elementor-widget-heading .elementor-heading-title.elementor-size-medium{font-size:19px}.elementor-widget-heading .elementor-heading-title.elementor-size-large{font-size:29px}.elementor-widget-heading .elementor-heading-title.elementor-size-xl{font-size:39px}.elementor-widget-heading .elementor-heading-title.elementor-size-xxl{font-size:59px}<\/style><span class=\"elementor-heading-title elementor-size-default\">Blog<\/span>\t\t<\/div>\n\t\t\t\t<\/div>\n\t\t\t\t<div class=\"elementor-element elementor-element-e5c0c54 elementor-widget elementor-widget-heading\" data-id=\"e5c0c54\" data-element_type=\"widget\" data-widget_type=\"heading.default\">\n\t\t\t\t<div class=\"elementor-widget-container\">\n\t\t\t<h3 class=\"elementor-heading-title elementor-size-default\">Articole ProSoft++<\/h3>\t\t<\/div>\n\t\t\t\t<\/div>\n\t\t\t\t<div class=\"elementor-element elementor-element-a32ba75 elementor-grid-3 elementor-grid-tablet-2 elementor-grid-mobile-1 elementor-posts--thumbnail-top elementor-card-shadow-yes elementor-posts__hover-gradient elementor-widget elementor-widget-posts\" data-id=\"a32ba75\" data-element_type=\"widget\" data-settings=\"{&quot;pagination_type&quot;:&quot;numbers&quot;,&quot;cards_columns&quot;:&quot;3&quot;,&quot;cards_columns_tablet&quot;:&quot;2&quot;,&quot;cards_columns_mobile&quot;:&quot;1&quot;,&quot;cards_row_gap&quot;:{&quot;unit&quot;:&quot;px&quot;,&quot;size&quot;:35,&quot;sizes&quot;:[]},&quot;cards_row_gap_tablet&quot;:{&quot;unit&quot;:&quot;px&quot;,&quot;size&quot;:&quot;&quot;,&quot;sizes&quot;:[]},&quot;cards_row_gap_mobile&quot;:{&quot;unit&quot;:&quot;px&quot;,&quot;size&quot;:&quot;&quot;,&quot;sizes&quot;:[]}}\" data-widget_type=\"posts.cards\">\n\t\t\t\t<div class=\"elementor-widget-container\">\n\t\t\t<link rel=\"stylesheet\" href=\"https:\/\/www.ps.ro\/web\/wp-content\/plugins\/elementor-pro\/assets\/css\/widget-posts.min.css\">\t\t<div class=\"elementor-posts-container elementor-posts elementor-posts--skin-cards elementor-grid\">\n\t\t\t\t<article class=\"elementor-post elementor-grid-item post-1490 post type-post status-publish format-standard has-post-thumbnail hentry category-uncategorized\">\n\t\t\t<div class=\"elementor-post__card\">\n\t\t\t\t<a class=\"elementor-post__thumbnail__link\" href=\"https:\/\/www.ps.ro\/web\/optimizarea-fluxului-de-lucru-cu-filedocsolutia-avansata-de-management-al-documentelor-de-la-prosoft\/\" ><div class=\"elementor-post__thumbnail\"><img loading=\"lazy\" decoding=\"async\" width=\"605\" height=\"340\" src=\"https:\/\/www.ps.ro\/web\/wp-content\/uploads\/2024\/09\/filedocps-e1725890873990.png\" class=\"attachment-large size-large\" alt=\"\" \/><\/div><\/a>\n\t\t\t\t<div class=\"elementor-post__text\">\n\t\t\t\t<h3 class=\"elementor-post__title\">\n\t\t\t<a href=\"https:\/\/www.ps.ro\/web\/optimizarea-fluxului-de-lucru-cu-filedocsolutia-avansata-de-management-al-documentelor-de-la-prosoft\/\" >\n\t\t\t\tOptimizarea fluxului de lucru cu FileDoc:Solu\u021bia Avansat\u0103 de Management al Documentelor de la Prosoft++\t\t\t<\/a>\n\t\t<\/h3>\n\t\t\t\t<div class=\"elementor-post__excerpt\">\n\t\t\t<p>\u00cen mediul complex al institu\u021biilor publice, gestionarea eficient\u0103 a documentelor este esen\u021bial\u0103 pentru func\u021bionarea fluent\u0103 \u0219i transparent\u0103 a proceselor administrative. Cu toate acestea, volumul mare<\/p>\n\t\t<\/div>\n\t\t\n\t\t<a class=\"elementor-post__read-more\" href=\"https:\/\/www.ps.ro\/web\/optimizarea-fluxului-de-lucru-cu-filedocsolutia-avansata-de-management-al-documentelor-de-la-prosoft\/\" >\n\t\t\tCite\u0219te mai mult \u00bb\t\t<\/a>\n\n\t\t\t\t<\/div>\n\t\t\t\t\t<\/div>\n\t\t<\/article>\n\t\t\t\t<article class=\"elementor-post elementor-grid-item post-1454 post type-post status-publish format-standard has-post-thumbnail hentry category-uncategorized\">\n\t\t\t<div class=\"elementor-post__card\">\n\t\t\t\t<a class=\"elementor-post__thumbnail__link\" href=\"https:\/\/www.ps.ro\/web\/un-sistem-integrat-pentru-managementul-resurselor-umane-si-salarizarii\/\" ><div class=\"elementor-post__thumbnail\"><img loading=\"lazy\" decoding=\"async\" width=\"681\" height=\"564\" src=\"https:\/\/www.ps.ro\/web\/wp-content\/uploads\/2024\/06\/birocratie-e1725889609166.jpg\" class=\"attachment-large size-large\" alt=\"birocratie\" \/><\/div><\/a>\n\t\t\t\t<div class=\"elementor-post__text\">\n\t\t\t\t<h3 class=\"elementor-post__title\">\n\t\t\t<a href=\"https:\/\/www.ps.ro\/web\/un-sistem-integrat-pentru-managementul-resurselor-umane-si-salarizarii\/\" >\n\t\t\t\tUn Sistem Integrat pentru Managementul Resurselor Umane \u0219i Salariz\u0103rii\t\t\t<\/a>\n\t\t<\/h3>\n\t\t\t\t<div class=\"elementor-post__excerpt\">\n\t\t\t<p>RuSAL este un program informatic avansat dedicat managementului resurselor umane \u0219i salariz\u0103rii, dezvoltat pentru a facilita gestionarea eficient\u0103 a acestor domenii vitale \u00een cadrul organiza\u021biilor.<\/p>\n\t\t<\/div>\n\t\t\n\t\t<a class=\"elementor-post__read-more\" href=\"https:\/\/www.ps.ro\/web\/un-sistem-integrat-pentru-managementul-resurselor-umane-si-salarizarii\/\" >\n\t\t\tCite\u0219te mai mult \u00bb\t\t<\/a>\n\n\t\t\t\t<\/div>\n\t\t\t\t\t<\/div>\n\t\t<\/article>\n\t\t\t\t<\/div>\n\n\n\t\t\n\t\t\t\t<\/div>\n\t\t\t\t<\/div>\n\t\t\t\t\t<\/div>\n\t\t<\/div>\n\t\t\t\t\t\t\t<\/div>\n\t\t<\/section>\n\t\t\t\t\t\t\t<\/div>\n\t\t","protected":false},"excerpt":{"rendered":"<p>Blog Articole ProSoft++<\/p>\n","protected":false},"author":2,"featured_media":0,"parent":0,"menu_order":0,"comment_status":"closed","ping_status":"closed","template":"","meta":{"footnotes":""},"class_list":["post-1377","page","type-page","status-publish","hentry"],"_links":{"self":[{"href":"https:\/\/www.ps.ro\/web\/wp-json\/wp\/v2\/pages\/1377","targetHints":{"allow":["GET"]}}],"collection":[{"href":"https:\/\/www.ps.ro\/web\/wp-json\/wp\/v2\/pages"}],"about":[{"href":"https:\/\/www.ps.ro\/web\/wp-json\/wp\/v2\/types\/page"}],"author":[{"embeddable":true,"href":"https:\/\/www.ps.ro\/web\/wp-json\/wp\/v2\/users\/2"}],"replies":[{"embeddable":true,"href":"https:\/\/www.ps.ro\/web\/wp-json\/wp\/v2\/comments?post=1377"}],"version-history":[{"count":52,"href":"https:\/\/www.ps.ro\/web\/wp-json\/wp\/v2\/pages\/1377\/revisions"}],"predecessor-version":[{"id":1523,"href":"https:\/\/www.ps.ro\/web\/wp-json\/wp\/v2\/pages\/1377\/revisions\/1523"}],"wp:attachment":[{"href":"https:\/\/www.ps.ro\/web\/wp-json\/wp\/v2\/media?parent=1377"}],"curies":[{"name":"wp","href":"https:\/\/api.w.org\/{rel}","templated":true}]}}