{"id":16,"date":"2022-09-22T08:25:57","date_gmt":"2022-09-22T05:25:57","guid":{"rendered":"https:\/\/w3w.ps.ro\/wordpress\/?page_id=16"},"modified":"2022-09-27T10:05:02","modified_gmt":"2022-09-27T07:05:02","slug":"politica-de-confidentialitate","status":"publish","type":"page","link":"https:\/\/www.ps.ro\/web\/politica-de-confidentialitate\/","title":{"rendered":"Politica de confiden\u021bialitate"},"content":{"rendered":"\t\t<div data-elementor-type=\"wp-page\" data-elementor-id=\"16\" class=\"elementor elementor-16\">\n\t\t\t\t\t\t\t\t\t<section class=\"elementor-section elementor-top-section elementor-element elementor-element-4c2b15f elementor-section-boxed elementor-section-height-default elementor-section-height-default\" data-id=\"4c2b15f\" data-element_type=\"section\">\n\t\t\t\t\t\t<div class=\"elementor-container elementor-column-gap-default\">\n\t\t\t\t\t<div class=\"elementor-column elementor-col-100 elementor-top-column elementor-element elementor-element-d3ac162\" data-id=\"d3ac162\" data-element_type=\"column\">\n\t\t\t<div class=\"elementor-widget-wrap elementor-element-populated\">\n\t\t\t\t\t\t\t\t<div class=\"elementor-element elementor-element-7b3583d elementor-widget elementor-widget-heading\" data-id=\"7b3583d\" data-element_type=\"widget\" data-widget_type=\"heading.default\">\n\t\t\t\t<div class=\"elementor-widget-container\">\n\t\t\t<style>\/*! elementor - v3.7.7 - 20-09-2022 *\/\n.elementor-heading-title{padding:0;margin:0;line-height:1}.elementor-widget-heading .elementor-heading-title[class*=elementor-size-]>a{color:inherit;font-size:inherit;line-height:inherit}.elementor-widget-heading .elementor-heading-title.elementor-size-small{font-size:15px}.elementor-widget-heading .elementor-heading-title.elementor-size-medium{font-size:19px}.elementor-widget-heading .elementor-heading-title.elementor-size-large{font-size:29px}.elementor-widget-heading .elementor-heading-title.elementor-size-xl{font-size:39px}.elementor-widget-heading .elementor-heading-title.elementor-size-xxl{font-size:59px}<\/style><h2 class=\"elementor-heading-title elementor-size-default\">Politica de confiden\u021bialitate<\/h2>\t\t<\/div>\n\t\t\t\t<\/div>\n\t\t\t\t<div class=\"elementor-element elementor-element-2f51762 elementor-widget elementor-widget-text-editor\" data-id=\"2f51762\" data-element_type=\"widget\" data-widget_type=\"text-editor.default\">\n\t\t\t\t<div class=\"elementor-widget-container\">\n\t\t\t<style>\/*! elementor - v3.7.7 - 20-09-2022 *\/\n.elementor-widget-text-editor.elementor-drop-cap-view-stacked .elementor-drop-cap{background-color:#818a91;color:#fff}.elementor-widget-text-editor.elementor-drop-cap-view-framed .elementor-drop-cap{color:#818a91;border:3px solid;background-color:transparent}.elementor-widget-text-editor:not(.elementor-drop-cap-view-default) .elementor-drop-cap{margin-top:8px}.elementor-widget-text-editor:not(.elementor-drop-cap-view-default) .elementor-drop-cap-letter{width:1em;height:1em}.elementor-widget-text-editor .elementor-drop-cap{float:left;text-align:center;line-height:1;font-size:50px}.elementor-widget-text-editor .elementor-drop-cap-letter{display:inline-block}<\/style>\t\t\t\t<p>ProSoft<strong>++ este preg\u0103tit pentru GDPR!<\/strong><\/p><p>Dac\u0103 compania dumneavoastr\u0103 apeleaz\u0103 la ProSoft++ pentru a v\u0103 sprijini aplica\u021biile software, este posibil s\u0103 ne \u00eemp\u0103rt\u0103\u0219i\u021bi date personale, ceea ce face din ProSoft++ un Procesator de date conform defini\u021biilor GDPR. Mai jos sunt c\u00e2teva \u00eentreb\u0103ri clarificatoare, care v\u0103 vor ajuta s\u0103 \u00een\u021belege\u021bi rolul nostru \u00een procesul de prelucrare a datelor cu caracter personal \u0219i ce pa\u0219i am luat pentru a ne asigura c\u0103 compania dumneavoastr\u0103 poate avea \u00eencredere \u00een ProSoft++ cu aceste informa\u021bii sensibile.<\/p><p><strong>1. Ce este GDPR?<\/strong><\/p><p>Regulamentul General de Protec\u021bie a Datelor 2016\/679 (GDPR) este un regulament din legisla\u021bia UE privind protec\u021bia datelor \u0219i confiden\u021bialitate pentru toate persoanele din Uniunea European\u0103 \u0219i Spa\u021biul Economic European. De asemenea, se adreseaz\u0103 exportului de date cu caracter personal \u00een afara zonelor UE \u0219i SEE.<\/p><p>Nu se aplic\u0103 doar companiilor care prelucreaz\u0103 datele cu caracter personal ale persoanelor protejate \u0219i care au o prezen\u021b\u0103 \u00een UE (de exemplu birouri sau sedii), ci \u0219i companiilor care nu au nicio prezen\u021b\u0103 \u00een UE, dar care vizeaz\u0103 pia\u021ba european\u0103 (de exemplu, oferind bunuri sau servicii c\u0103tre persoane din UE) \u0219i\/sau monitorizeaz\u0103 comportamentul persoanelor protejate acolo unde comportamentul acestora are loc \u00een UE.<\/p><p><strong>2. ProSoft++ ca procesator de date<\/strong><\/p><p>O parte esen\u021bial\u0103 a conformit\u0103\u021bii GDPR este s\u0103 v\u0103 asigura\u021bi c\u0103 procesatorii dumneavoastr\u0103 de date implementeaz\u0103 cele mai bune practici de securitate pentru protejarea datelor cu caracter personal. Pentru a respecta GDPR, ProSoft++ a realizat o analiz\u0103 aprofundat\u0103 \u0219i a pus la punct o procedur\u0103 de protejare a datelor private ale persoanelor vizate, care poate fi solicitat\u0103 de la Chief Privacy Officer (cpo@ps.ro), menit\u0103 s\u0103 p\u0103streze datele utilizatorilor dumneavoastr\u0103 (\u0219i datele dumneavoastr\u0103 \u00een general) \u00een siguran\u021b\u0103. Documentul se concentreaz\u0103 pe drepturile persoanelor vizate, \u00een raport cu GDPR, \u0219i pe angajamentul nostru de a le p\u0103stra. Nu numai c\u0103 ne-am declarat angajamentul de a men\u021bine drepturile de confiden\u021bialitate importante ale persoanelor cu privire la datele lor, dar am luat \u0219i m\u0103suri pentru a minimiza op\u021biunile pentru scurgerile de informa\u021bii, cum ar fi ad\u0103ugarea de parole la e-mailurile care con\u021bin informa\u021bii personale \u0219i interzicerea utiliz\u0103rii media personale sau hardware.<\/p><p>\u00cen plus, ProSoft++ se asigur\u0103 c\u0103 to\u021bi utilizatorii din UE au optat pentru a primi orice coresponden\u021b\u0103 de la noi \u0219i c\u0103 au posibilitatea de a-\u0219i \u0219terge informa\u021biile \u00een orice moment.<\/p><p><strong>3. Partajare minim\u0103 a datelor<\/strong><\/p><p>Prin natura activit\u0103\u021bii ProSoft++, clien\u021bii no\u0219tri determin\u0103 ce date ne sunt trimise \u00een prelucrare. \u00cen consecin\u021b\u0103, compania dumneavoastr\u0103 ac\u021bioneaz\u0103 ca operator \u0219i trebuie s\u0103 respecte un set de principii de baz\u0103 privind manipularea datelor cu caracter personal. \u00cen primul r\u00e2nd, aceasta \u00eenseamn\u0103 c\u0103 lucr\u0103m cu clien\u021bii no\u0219tri pentru a ne asigura c\u0103 datele personale inutile nu sunt partajate.<\/p><p><strong>4. Acord de prelucrare a datelor<\/strong><\/p><p>GDPR prevede c\u0103 trebuie \u00eencheiat un acord formal obligatoriu \u00eentre utilizator \u0219i operatorul de date cu caracter personal (numit Acord de prelucrare a datelor sau DPA). DPA descrie activit\u0103\u021bile de prelucrare a datelor care se desf\u0103\u0219oar\u0103, \u00een conformitate cu GDPR. ProSoft++ poate respecta GDPR \u0219i va semna un DPA acolo unde este necesar.<\/p><p><strong>5. Dezv\u0103luire \u0219i consim\u021b\u0103m\u00e2nt<\/strong><\/p><p>Dac\u0103 consilierul dvs. juridic stabile\u0219te c\u0103 trebuie s\u0103 ob\u021bine\u021bi \u0219i consim\u021b\u0103m\u00e2ntul utilizatorului \u00eenainte de a apela la ProSoft++, asigura\u021bi-v\u0103 c\u0103 actualiza\u021bi integrarea cu ProSoft++ pentru a trimite date numai de la cei care au furnizat consim\u021b\u0103m\u00e2ntul necesar sau \u0219i-au dat consim\u021b\u0103m\u00e2ntul \u00een alt mod. V\u0103 rug\u0103m s\u0103 re\u021bine\u021bi c\u0103 dovada consim\u021b\u0103m\u00e2ntului este necesar\u0103 \u0219i poate fi necesar\u0103 \u00een cazul unor proceduri judiciare.<\/p><p>Dac\u0103 ave\u021bi \u00eentreb\u0103ri suplimentare despre cum s\u0103 v\u0103 preg\u0103ti\u021bi, v\u0103 rug\u0103m s\u0103 contacta\u021bi echipa noastr\u0103 de confiden\u021bialitate la CPO@ps.ro<\/p>\t\t\t\t\t\t<\/div>\n\t\t\t\t<\/div>\n\t\t\t\t\t<\/div>\n\t\t<\/div>\n\t\t\t\t\t\t\t<\/div>\n\t\t<\/section>\n\t\t\t\t\t\t\t<\/div>\n\t\t","protected":false},"excerpt":{"rendered":"<p>Politica de confiden\u021bialitate ProSoft++ este preg\u0103tit pentru GDPR! Dac\u0103 compania dumneavoastr\u0103 apeleaz\u0103 la ProSoft++ pentru a v\u0103 sprijini aplica\u021biile software, este posibil s\u0103 ne \u00eemp\u0103rt\u0103\u0219i\u021bi date personale, ceea ce face din ProSoft++ un Procesator de date conform defini\u021biilor GDPR. Mai jos sunt c\u00e2teva \u00eentreb\u0103ri clarificatoare, care v\u0103 vor ajuta s\u0103 \u00een\u021belege\u021bi rolul nostru \u00een procesul [&hellip;]<\/p>\n","protected":false},"author":2,"featured_media":0,"parent":0,"menu_order":0,"comment_status":"closed","ping_status":"closed","template":"","meta":{"footnotes":""},"class_list":["post-16","page","type-page","status-publish","hentry"],"_links":{"self":[{"href":"https:\/\/www.ps.ro\/web\/wp-json\/wp\/v2\/pages\/16","targetHints":{"allow":["GET"]}}],"collection":[{"href":"https:\/\/www.ps.ro\/web\/wp-json\/wp\/v2\/pages"}],"about":[{"href":"https:\/\/www.ps.ro\/web\/wp-json\/wp\/v2\/types\/page"}],"author":[{"embeddable":true,"href":"https:\/\/www.ps.ro\/web\/wp-json\/wp\/v2\/users\/2"}],"replies":[{"embeddable":true,"href":"https:\/\/www.ps.ro\/web\/wp-json\/wp\/v2\/comments?post=16"}],"version-history":[{"count":0,"href":"https:\/\/www.ps.ro\/web\/wp-json\/wp\/v2\/pages\/16\/revisions"}],"wp:attachment":[{"href":"https:\/\/www.ps.ro\/web\/wp-json\/wp\/v2\/media?parent=16"}],"curies":[{"name":"wp","href":"https:\/\/api.w.org\/{rel}","templated":true}]}}