{"id":241,"date":"2022-09-22T12:11:54","date_gmt":"2022-09-22T09:11:54","guid":{"rendered":"https:\/\/w3w.ps.ro\/wordpress\/?page_id=241"},"modified":"2022-09-27T10:05:31","modified_gmt":"2022-09-27T07:05:31","slug":"termeni-si-conditii","status":"publish","type":"page","link":"https:\/\/www.ps.ro\/web\/termeni-si-conditii\/","title":{"rendered":"Termeni \u0219i condi\u021bii"},"content":{"rendered":"\t\t<div data-elementor-type=\"wp-page\" data-elementor-id=\"241\" class=\"elementor elementor-241\">\n\t\t\t\t\t\t\t\t\t<section class=\"elementor-section elementor-top-section elementor-element elementor-element-183ae50 termeni-conditii elementor-section-boxed elementor-section-height-default elementor-section-height-default\" data-id=\"183ae50\" data-element_type=\"section\">\n\t\t\t\t\t\t<div class=\"elementor-container elementor-column-gap-default\">\n\t\t\t\t\t<div class=\"elementor-column elementor-col-100 elementor-top-column elementor-element elementor-element-02f43ac\" data-id=\"02f43ac\" data-element_type=\"column\">\n\t\t\t<div class=\"elementor-widget-wrap elementor-element-populated\">\n\t\t\t\t\t\t\t\t<div class=\"elementor-element elementor-element-2527c28 elementor-widget elementor-widget-heading\" data-id=\"2527c28\" data-element_type=\"widget\" data-widget_type=\"heading.default\">\n\t\t\t\t<div class=\"elementor-widget-container\">\n\t\t\t<style>\/*! elementor - v3.7.7 - 20-09-2022 *\/\n.elementor-heading-title{padding:0;margin:0;line-height:1}.elementor-widget-heading .elementor-heading-title[class*=elementor-size-]>a{color:inherit;font-size:inherit;line-height:inherit}.elementor-widget-heading .elementor-heading-title.elementor-size-small{font-size:15px}.elementor-widget-heading .elementor-heading-title.elementor-size-medium{font-size:19px}.elementor-widget-heading .elementor-heading-title.elementor-size-large{font-size:29px}.elementor-widget-heading .elementor-heading-title.elementor-size-xl{font-size:39px}.elementor-widget-heading .elementor-heading-title.elementor-size-xxl{font-size:59px}<\/style><h2 class=\"elementor-heading-title elementor-size-default\">Termeni \u0219i condi\u021bii<\/h2>\t\t<\/div>\n\t\t\t\t<\/div>\n\t\t\t\t<div class=\"elementor-element elementor-element-ef1cf5e elementor-widget elementor-widget-text-editor\" data-id=\"ef1cf5e\" data-element_type=\"widget\" data-widget_type=\"text-editor.default\">\n\t\t\t\t<div class=\"elementor-widget-container\">\n\t\t\t<style>\/*! elementor - v3.7.7 - 20-09-2022 *\/\n.elementor-widget-text-editor.elementor-drop-cap-view-stacked .elementor-drop-cap{background-color:#818a91;color:#fff}.elementor-widget-text-editor.elementor-drop-cap-view-framed .elementor-drop-cap{color:#818a91;border:3px solid;background-color:transparent}.elementor-widget-text-editor:not(.elementor-drop-cap-view-default) .elementor-drop-cap{margin-top:8px}.elementor-widget-text-editor:not(.elementor-drop-cap-view-default) .elementor-drop-cap-letter{width:1em;height:1em}.elementor-widget-text-editor .elementor-drop-cap{float:left;text-align:center;line-height:1;font-size:50px}.elementor-widget-text-editor .elementor-drop-cap-letter{display:inline-block}<\/style>\t\t\t\t<header><\/header><div><ol><li><p><strong>PREZENTARE \u0218I DEFINI\u0162II<\/strong><strong><br \/><\/strong><\/p><\/li><\/ol><p>Site-ul<strong>\u00a0<a href=\"http:\/\/www.ps.ro\/\">ps.ro<\/a>\u00a0<\/strong>se afla \u00een folosin\u021ba Societ\u0103\u021bii ProSoft++<strong>\u00a0SRL,\u00a0<\/strong>cu sediul social \u00een Bucure\u0219ti, Sector 1, Str. General Barbu Vladoianu 2, Bl. 35, Ap. 55, \u00eenregistrat\u0103 la Oficiul Registrului Comer\u021bului sub nr. J40 \/9751 \/1994, cod fiscal RO 5831590, societate denumit\u0103 \u00een cele de urmeaz\u0103, \u00een mod generic de\u021bin\u0103torul site-ului sau compania.<\/p><p>Site-ului\u00a0<a href=\"http:\/\/www.ps.ro\/\">ps.ro<\/a>\u00a0prezint\u0103 compania noastr\u0103 \u0219i activitatea derulat\u0103 de aceasta, precum \u0219i produsele \u0219i serviciile noastre.<\/p><p>Urm\u0103torii termeni vor fi defini\u021bi dup\u0103 cum urmeaz\u0103:<\/p><ul><li><strong><em>Utilizator<\/em><\/strong>\u00a0\u2013 orice persoan\u0103 care acceseaz\u0103 site-ul sau care se va putea \u00eenregistra la un moment pe site, fiind interesat\u0103 de activitatea ps.ro \u0219i care se oblig\u0103 implicit s\u0103 respecte prezentul set de reguli, fiind r\u0103spunz\u0103tor pentru ac\u021biunile sale pe site;<\/li><li><strong><em>Serviciu<\/em><\/strong>\u00a0\u2013 furnizarea c\u0103tre utilizator a accesului la platforma prin intermediul c\u0103reia poate trimite solicit\u0103ri c\u0103tre echipa de v\u00e2nz\u0103ri a Companiei.<\/li><\/ul><p><strong>\u00a0<\/strong><\/p><ol start=\"2\"><li><p><strong>\u00ceNREGISTRAREA UTILIZATORULUI<\/strong><\/p><\/li><\/ol><p>Pentru accesarea site-ului, respectiv sec\u021biunile de prezentare, nu este necesar\u0103 \u00eenregistrarea utilizatorilor.<\/p><p>\u00cenregistrarea datelor utilizatorului este obligatorie numai \u00een cazul \u00een care acesta solicit\u0103 un r\u0103spuns prin intermediul formularului de Contact de pe\u00a0<a href=\"https:\/\/www.ps.ro\/\">ps.ro<\/a>\u00a0.<\/p><p>Pentru a beneficia de aceste servicii oferite de\u00a0<a href=\"https:\/\/ps.ro\/\">ps.ro<\/a>, v\u0103 obliga\u021bi \u0219i garanta\u021bi urm\u0103toarele:<\/p><p>1) furniza\u021bi date reale, exacte \u0219i complete despre utilizator, astfel cum se solicit\u0103 prin formularul de contact al site-ului;<\/p><p>2) men\u021bine\u021bi sau actualiza\u021bi datele de \u00eenregistrare care au suferit modific\u0103ri pentru ca acestea s\u0103 fie conforme realit\u0103\u021bii, exacte \u0219i complete.<\/p><p>De\u021bin\u0103torul site-ului \u00ee\u0219i rezerv\u0103 dreptul (nu \u0219i obliga\u021bia) de a verifica corectitudinea datelor de \u00eenregistrare ale utilizatorilor. \u00cen cazul \u00een care se constat\u0103 c\u0103 informa\u021biile puse la dispozi\u021bie de c\u0103tre utilizator sunt inexacte, de\u021bin\u0103torul site-ului \u00ee\u0219i rezerv\u0103 dreptul de a refuza utilizatorului accesarea serviciilor oferite pe site, precum \u0219i r\u0103spunsul la solicit\u0103rile sale.<\/p><p>Prin accesarea site-ului \u0219i a Serviciilor puse la dispozi\u021bie, Utilizatorul garanteaz\u0103 c\u0103 ofer\u0103 de\u021bin\u0103torului site-ului date corecte fiind unicul responsabil pentru informa\u021biile furnizate.<\/p><ol start=\"3\"><li><p><strong>OBLIGA\u0162IILE UTILIZATORULUI. PROPRIETATE INTELECTUAL\u0102<\/strong><\/p><\/li><\/ol><p><strong>Utilizarea site-ului este permis\u0103 pentru utilizarea cu bun\u0103 \u2013 credin\u021b\u0103, pentru ob\u021binerea de informa\u021bii \u0219i pentru\u00a0<\/strong>folosirea serviciilor men\u021bionate la art. 1 de mai sus.<\/p><p>Reprezent\u0103rile stilizate, crea\u021bia grafic\u0103, logo-urile \u0219i simbolurile asociate \u0219i combina\u021bii ale acestora cu oricare cuv\u00e2nt sau simbol grafic, fotografiile, materialele audio \u2013 video, con\u021binutul folosite pe acest site, sunt proprietatea ProSoft++ SRL sau aceast\u0103 companie a dob\u00e2ndit dreptul de a le utiliza. Fac excep\u021bie informa\u021biile \u0219i elementele grafice \u00eenregistrate de c\u0103tre utilizatori, precum \u0219i semnele grafice apar\u021bin\u00e2nd altor entit\u0103\u021bi.<\/p><p>Nici un utilizator al site-ului nu poate prelua con\u021binutul site-ului, nu poate interveni, modifica sau \u0219terge con\u021binutul acestuia (textul, imaginile, logourile etc.). Orice \u00eenc\u0103lcare a acestei reguli reprezint\u0103 o \u00eenc\u0103lcare a drepturilor de autor, de marc\u0103 sau orice alt drept de proprietate intelectual\u0103.<\/p><p>Nu sunt permise copierea, multiplicarea, distribuirea, arhivarea sau p\u0103strarea, prin orice mijloace, a materialelor existente efectuate \u00een scopuri comerciale.<\/p><p>\u00cen cazul \u00een care \u00een cadrul site-ului exist\u0103 sec\u021biuni \u00een care utilizatorii pot insera comentarii \u0219i pot exprima opinii personale, imagini sau alte elemente susceptibile a fi protejate de drepturi de proprietate intelectual\u0103, r\u0103spunderea privind con\u021binutul acestora le revine in exclusivitate utilizatorilor \u00een cauz\u0103.<\/p><ol start=\"4\"><li><p>MODIFICARILE SERVICIULUI<\/p><\/li><\/ol><p>De\u021bin\u0103torul acestui site \u00ee\u0219i rezerv\u0103 dreptul de a modifica sau \u00eentrerupe, temporar sau permanent func\u021bionarea acestuia sau serviciile puse la dispozi\u021bie (\u00een totalitate sau numai \u00een parte). \u00cen acest caz, de\u021bin\u0103torul nu este r\u0103spunz\u0103tor pentru orice modificare, suspendare sau \u00eentrerupere a accesului la site \u0219i la serviciile disponibile prin intermediul acestuia.<\/p><ol start=\"5\"><li><p>R\u0102SPUNDERE<\/p><\/li><\/ol><p>Utilizatorul declar\u0103 \u00een mod expres c\u0103 accept\u0103 urm\u0103toarele condi\u021bii:<\/p><ol><li>Utilizarea serviciilor puse la dispozi\u021bie pe site se face pe propria sa r\u0103spundere.<\/li><li>De\u021bin\u0103torul site-ului nu ofer\u0103 nici o garan\u021bie c\u0103:<\/li><\/ol><ul><li>serviciile \u00eemplinesc toate cerin\u021bele utilizatorilor;<\/li><li>serviciile vor fi ne\u00eentrerupte, la timp, sigure sau f\u0103r\u0103 erori;<\/li><li>erorile de program vor fi corectate.<\/li><\/ul><ol start=\"6\"><li><p>LIMITELE R\u0102SPUNDERII<strong><br \/><\/strong><\/p><\/li><\/ol><p>Utilizatorul accept\u0103 \u00een mod expres c\u0103 administratorii site-ului nu vor fi r\u0103spunz\u0103tori pentru nici un fel de daune sau prejudicii directe, indirecte, accidentale, speciale, inclusiv, dar nu limitat la prejudicii prin pierdere de profit, posibilitatea de folosire, date sau alte pierderi intangibile sau incomensurabile, rezult\u00e2nd din:<br \/>\u2013 utilizarea sau imposibilitatea utiliz\u0103rii serviciilor\u00a0<a href=\"http:\/\/www.ps.ro\/\">www.ps.ro<\/a>\u00a0;<br \/>\u2013 \u00a0acces neautorizat la sau deteriorarea transmisiilor sau datelor Utilizatorului;<br \/>\u2013 declara\u021bii sau ac\u021biuni ale unei ter\u021be p\u0103r\u021bi asupra site-ului;<br \/>\u2013 orice alt\u0103 problem\u0103 legat\u0103 de serviciile site-ului.<\/p><ol start=\"7\"><li><p>NOTIFIC\u0102RI \u015eI COMUNIC\u0102RI<\/p><\/li><\/ol><p>De\u021bin\u0103torii site-ului pot transmite notific\u0103ri privind schimbarea Termenilor de Utilizare sau alte chestiuni prin afi\u0219area de \u00een\u0219tiin\u021b\u0103ri c\u0103tre utilizatori \u00een mod general, pe site.<\/p><ol start=\"8\"><li><p>FOR\u0162A MAJOR\u0102<strong><br \/><\/strong><\/p><\/li><\/ol><p>De\u021bin\u0103torul\u00a0<a href=\"http:\/\/www.ps.ro\/\">ps.ro<\/a>\u00a0nu este obligat a se conforma obliga\u021biilor prev\u0103zute \u00een Termenii de Utilizare, ca urmare a unei cauze aflate \u00een afara controlului s\u0103u, incluz\u00e2nd dar nelimit\u00e2ndu-se la evenimente fortuite, condi\u021bii meteorologice nefavorabile, alte ac\u021biuni sau inac\u021biuni de care administratorii site-ului nu sunt responsabili.<\/p><ol start=\"9\"><li><p>LEGEA APLICABIL\u0102<\/p><\/li><\/ol><p>Prin accesarea acestui site web, Utilizatorul accept\u0103 ca acest contract \u0219i orice disput\u0103 legat\u0103 de el sunt guvernate \u0219i interpretate \u00een concordan\u021b\u0103 cu legile rom\u00e2ne, iar Utilizatorul admite s\u0103 se supun\u0103 jurisdic\u021biei exclusive a instan\u021belor judec\u0103tore\u0219ti rom\u00e2ne competente.<\/p><p><a href=\"http:\/\/www.ps.ro\/\">ps.ro<\/a>\u00a0nu ofer\u0103 garan\u021bia c\u0103 con\u021binutul acestui site se supune legilor (inclusiv celor de proprietate intelectual\u0103) altor \u021b\u0103ri din afara Rom\u00e2niei. Dac\u0103 Utilizatorul acceseaz\u0103 acest site din afara Rom\u00e2niei, o face pe riscul s\u0103u \u0219i este singur responsabil de respectarea legilor \u021b\u0103rii \u00een care se afl\u0103.<\/p><ol start=\"10\"><li><p>CLAUZE FINALE<\/p><\/li><\/ol><p>Termenii de fa\u021b\u0103 reglementeaz\u0103 accesul utilizatorilor pe site-ul\u00a0<a href=\"http:\/\/www.ps.ro\/\">ps.ro<\/a>\u00a0.\u00cen cazul \u00een care, ulterior lans\u0103rii site-ului, vor fi implementate servicii suplimentare puse la dispozi\u021bie pe site, aceste servicii vor fi supuse acelora\u0219i reguli \u0219i condi\u021bii cuprinse \u00een prezentele clauze, \u00een cazul \u00een care acestea nu vor beneficia de condi\u021bii distincte de prezentele.<\/p><p><strong>Prin accesarea acestui site accepta\u021bi condi\u021biile de mai sus \u0219i sunte\u021bi de acord c\u0103 acesta are valoare unui contract, acceptat in mod tacit, intre utilizator si administratorii site-ului. \u00cen cazul \u00een care nu dori\u021bi s\u0103 respecta\u021bi regulile descrise mai sus, v\u0103 rug\u0103m s\u0103 nu folosi\u021bi serviciile puse la dispozi\u021bie de acest site.<\/strong><\/p><\/div>\t\t\t\t\t\t<\/div>\n\t\t\t\t<\/div>\n\t\t\t\t\t<\/div>\n\t\t<\/div>\n\t\t\t\t\t\t\t<\/div>\n\t\t<\/section>\n\t\t\t\t\t\t\t<\/div>\n\t\t","protected":false},"excerpt":{"rendered":"<p>Termeni \u0219i condi\u021bii PREZENTARE \u0218I DEFINI\u0162II Site-ul\u00a0ps.ro\u00a0se afla \u00een folosin\u021ba Societ\u0103\u021bii ProSoft++\u00a0SRL,\u00a0cu sediul social \u00een Bucure\u0219ti, Sector 1, Str. General Barbu Vladoianu 2, Bl. 35, Ap. 55, \u00eenregistrat\u0103 la Oficiul Registrului Comer\u021bului sub nr. J40 \/9751 \/1994, cod fiscal RO 5831590, societate denumit\u0103 \u00een cele de urmeaz\u0103, \u00een mod generic de\u021bin\u0103torul site-ului sau compania. Site-ului\u00a0ps.ro\u00a0prezint\u0103 [&hellip;]<\/p>\n","protected":false},"author":2,"featured_media":0,"parent":0,"menu_order":0,"comment_status":"closed","ping_status":"closed","template":"","meta":{"footnotes":""},"class_list":["post-241","page","type-page","status-publish","hentry"],"_links":{"self":[{"href":"https:\/\/www.ps.ro\/web\/wp-json\/wp\/v2\/pages\/241","targetHints":{"allow":["GET"]}}],"collection":[{"href":"https:\/\/www.ps.ro\/web\/wp-json\/wp\/v2\/pages"}],"about":[{"href":"https:\/\/www.ps.ro\/web\/wp-json\/wp\/v2\/types\/page"}],"author":[{"embeddable":true,"href":"https:\/\/www.ps.ro\/web\/wp-json\/wp\/v2\/users\/2"}],"replies":[{"embeddable":true,"href":"https:\/\/www.ps.ro\/web\/wp-json\/wp\/v2\/comments?post=241"}],"version-history":[{"count":0,"href":"https:\/\/www.ps.ro\/web\/wp-json\/wp\/v2\/pages\/241\/revisions"}],"wp:attachment":[{"href":"https:\/\/www.ps.ro\/web\/wp-json\/wp\/v2\/media?parent=241"}],"curies":[{"name":"wp","href":"https:\/\/api.w.org\/{rel}","templated":true}]}}