{"id":246,"date":"2022-09-22T12:17:06","date_gmt":"2022-09-22T09:17:06","guid":{"rendered":"https:\/\/w3w.ps.ro\/wordpress\/?page_id=246"},"modified":"2022-09-27T10:05:53","modified_gmt":"2022-09-27T07:05:53","slug":"politica-cookies","status":"publish","type":"page","link":"https:\/\/www.ps.ro\/web\/politica-cookies\/","title":{"rendered":"Politica cookies"},"content":{"rendered":"\t\t<div data-elementor-type=\"wp-page\" data-elementor-id=\"246\" class=\"elementor elementor-246\">\n\t\t\t\t\t\t\t\t\t<section class=\"elementor-section elementor-top-section elementor-element elementor-element-ddf4941 elementor-section-boxed elementor-section-height-default elementor-section-height-default\" data-id=\"ddf4941\" data-element_type=\"section\">\n\t\t\t\t\t\t<div class=\"elementor-container elementor-column-gap-default\">\n\t\t\t\t\t<div class=\"elementor-column elementor-col-100 elementor-top-column elementor-element elementor-element-9d761fc\" data-id=\"9d761fc\" data-element_type=\"column\">\n\t\t\t<div class=\"elementor-widget-wrap elementor-element-populated\">\n\t\t\t\t\t\t\t\t<div class=\"elementor-element elementor-element-adfbc65 elementor-widget elementor-widget-heading\" data-id=\"adfbc65\" data-element_type=\"widget\" data-widget_type=\"heading.default\">\n\t\t\t\t<div class=\"elementor-widget-container\">\n\t\t\t<style>\/*! elementor - v3.7.7 - 20-09-2022 *\/\n.elementor-heading-title{padding:0;margin:0;line-height:1}.elementor-widget-heading .elementor-heading-title[class*=elementor-size-]>a{color:inherit;font-size:inherit;line-height:inherit}.elementor-widget-heading .elementor-heading-title.elementor-size-small{font-size:15px}.elementor-widget-heading .elementor-heading-title.elementor-size-medium{font-size:19px}.elementor-widget-heading .elementor-heading-title.elementor-size-large{font-size:29px}.elementor-widget-heading .elementor-heading-title.elementor-size-xl{font-size:39px}.elementor-widget-heading .elementor-heading-title.elementor-size-xxl{font-size:59px}<\/style><h2 class=\"elementor-heading-title elementor-size-default\">Politica cookie<\/h2>\t\t<\/div>\n\t\t\t\t<\/div>\n\t\t\t\t<div class=\"elementor-element elementor-element-d8c68af elementor-widget elementor-widget-text-editor\" data-id=\"d8c68af\" data-element_type=\"widget\" data-widget_type=\"text-editor.default\">\n\t\t\t\t<div class=\"elementor-widget-container\">\n\t\t\t<style>\/*! elementor - v3.7.7 - 20-09-2022 *\/\n.elementor-widget-text-editor.elementor-drop-cap-view-stacked .elementor-drop-cap{background-color:#818a91;color:#fff}.elementor-widget-text-editor.elementor-drop-cap-view-framed .elementor-drop-cap{color:#818a91;border:3px solid;background-color:transparent}.elementor-widget-text-editor:not(.elementor-drop-cap-view-default) .elementor-drop-cap{margin-top:8px}.elementor-widget-text-editor:not(.elementor-drop-cap-view-default) .elementor-drop-cap-letter{width:1em;height:1em}.elementor-widget-text-editor .elementor-drop-cap{float:left;text-align:center;line-height:1;font-size:50px}.elementor-widget-text-editor .elementor-drop-cap-letter{display:inline-block}<\/style>\t\t\t\t<p><strong>UTILIZAREA COOKIE-URILOR<\/strong><\/p><p>Informa\u021bii despre cookie-uri<\/p><p>Pentru a permite func\u021bionarea corespunz\u0103toare a acestui site si pentru a \u00eembun\u0103t\u0103\u021bi experien\u021ba de navigare, acest site trebuie sa plaseze o cantitate mica de informa\u021bii (Cookie-uri) in computerul\/dispozitivul dumneavoastr\u0103.<br \/>Anumite cookie-uri sunt necesare func\u021bion\u0103rii corespunz\u0103toare a site-ului \u0219i pentru a permite utilizarea anumitor caracteristici tehnice oferindu-v\u0103 astfel o experien\u021b\u0103 de utilizare satisf\u0103c\u0103toare. Pentru a folosi cookie-uri care nu sunt necesare utiliz\u0103rii site-ului dar care \u00eembun\u0103t\u0103\u021besc serviciile oferite v\u0103 vom solicita aprobarea. Daca nu ne acorda\u021bi acceptul pentru folosirea anumitor cookie-uri, pute\u021bi naviga pe site in continuare, dar anumite func\u021bionalit\u0103\u021bi nu vor fi disponibile pentru dumneavoastr\u0103.<\/p><h6>Ce este un cookie?<\/h6><p>Cookie-urile sunt informa\u021bii stocate in calculatorul sau dispozitivul dumneavoastr\u0103 mobil de c\u0103tre site-ul pe care \u00eel accesa\u021bi. \u00cen mod normal cookie-urile v\u0103 p\u0103streaz\u0103 preferin\u021bele, set\u0103rile site-ului cum ar fi limba preferat\u0103 sau adresa. Ulterior, c\u00e2nd accesa\u021bi din nou acel site, browserul de internet trimite \u00eenapoi cookie-urile acelei pagini. Acest lucru permite paginii de site s\u0103 afi\u0219eze con\u021binut \u00eentr-un mod personalizat, pentru c\u0103 datorit\u0103 unui cookie site-ul \u00ee\u0219i aminte\u0219te ac\u021biunile dumneavoastr\u0103 dar si set\u0103rile pentru o perioad\u0103 specificat\u0103. De fiecare dat\u0103 c\u00e2nd un utilizator deschide o pagin\u0103, serverul web cite\u0219te valorile stocate anterior \u00een cookie.<br \/>Cookie-urile pot stoca o gama larga de informa\u021bii, inclusiv personale. Aceste date vor fi utilizate de cookie-uri numai dac\u0103 v-a\u021bi dat acordul \u2013 paginile web nu pot accesa informa\u021bii pe care nu le-a\u021bi oferit si nu pot accesa alte fi\u0219iere din computerul sau dispozitivul mobil al dumneavoastr\u0103.<\/p><p>Pute\u021bi schimba set\u0103rile browser-ului astfel \u00eenc\u00e2t s\u0103 alege\u021bi dac\u0103 ve\u021bi accepta sau nu solicit\u0103rile acestor cookie-uri sau s\u0103 \u0219terge\u021bi cookie-urile salvate in mod automat c\u00e2nd \u00eenchide\u021bi browser-ul si a\u0219a mai departe. De asemenea, dac\u0103 v\u0103 da\u021bi acordul utiliz\u0103rii cookie-urilor, v\u0103 pute\u021bi schimba op\u021biunea \u00een orice moment.<\/p><h6>Ce cookie-uri folose\u0219te\u00a0ps.ro \u0219i de ce<\/h6><p>Cookie-uri necesare<\/p><p>Aceste cookie-uri v\u0103 ajut\u0103 s\u0103 crea\u021bi un site u\u0219or de utilizat, permi\u021b\u00e2nd func\u021bii de baz\u0103 cum ar fi navigarea pe pagini \u0219i accesul \u00een zonele securizate ale site-ului. Website-ul nu poate func\u021biona corect f\u0103r\u0103 aceste cookie-uri.<\/p><p>Cookie-uri analitice<\/p><p>acestea sunt cookie-uri pe care site-ul le \u00eencarc\u0103 in scopuri de analiza de trafic, cum ar fi analiza paginilor utilizate sau timpul petrecut pe site, informa\u021bii folosite pentru \u00eembun\u0103t\u0103\u021birea calit\u0103\u021bii con\u021binutului si a serviciilor oferite. Pentru acest site, folosim cookie-urile din sistemul Google Analytics.<\/p><p>Cookie-uri de marketing<\/p><p>Cookie-urile de marketing sunt folosite pentru a urm\u0103ri vizitatorii pe site-uri. Scopul este de a afi\u015fa reclame relevante \u015fi captivante pentru utilizatorii individuali \u0219i, prin urmare, mai valoroase pentru editori \u0219i agen\u021bii de publicitate ter\u021be.<\/p><p>O list\u0103 a acestor cookie-uri poate fi g\u0103sit\u0103 \u00een descrierea uneltei de gestionare a consim\u021b\u0103mintelor de cookie-uri.<\/p><p>Cum se dezactiveaz\u0103 cookie-urile<\/p><p>C\u00e2nd accesa\u021bi prima oara site-ul, va vom cere acordul pentru folosirea cookie-urilor care nu sunt necesare.<br \/>Oric\u00e2nd pute\u021bi dezactiva cookie-urile care nu sunt necesare iar acestea nu vor mai fi stocate in computerul sau dispozitivul dumneavoastr\u0103. Set\u0103rile de cookie pot fi controlate si configurate in browser-ul web.<\/p>\t\t\t\t\t\t<\/div>\n\t\t\t\t<\/div>\n\t\t\t\t\t<\/div>\n\t\t<\/div>\n\t\t\t\t\t\t\t<\/div>\n\t\t<\/section>\n\t\t\t\t\t\t\t<\/div>\n\t\t","protected":false},"excerpt":{"rendered":"<p>Politica cookie UTILIZAREA COOKIE-URILOR Informa\u021bii despre cookie-uri Pentru a permite func\u021bionarea corespunz\u0103toare a acestui site si pentru a \u00eembun\u0103t\u0103\u021bi experien\u021ba de navigare, acest site trebuie sa plaseze o cantitate mica de informa\u021bii (Cookie-uri) in computerul\/dispozitivul dumneavoastr\u0103.Anumite cookie-uri sunt necesare func\u021bion\u0103rii corespunz\u0103toare a site-ului \u0219i pentru a permite utilizarea anumitor caracteristici tehnice oferindu-v\u0103 astfel o experien\u021b\u0103 [&hellip;]<\/p>\n","protected":false},"author":2,"featured_media":0,"parent":0,"menu_order":0,"comment_status":"closed","ping_status":"closed","template":"","meta":{"footnotes":""},"class_list":["post-246","page","type-page","status-publish","hentry"],"_links":{"self":[{"href":"https:\/\/www.ps.ro\/web\/wp-json\/wp\/v2\/pages\/246","targetHints":{"allow":["GET"]}}],"collection":[{"href":"https:\/\/www.ps.ro\/web\/wp-json\/wp\/v2\/pages"}],"about":[{"href":"https:\/\/www.ps.ro\/web\/wp-json\/wp\/v2\/types\/page"}],"author":[{"embeddable":true,"href":"https:\/\/www.ps.ro\/web\/wp-json\/wp\/v2\/users\/2"}],"replies":[{"embeddable":true,"href":"https:\/\/www.ps.ro\/web\/wp-json\/wp\/v2\/comments?post=246"}],"version-history":[{"count":0,"href":"https:\/\/www.ps.ro\/web\/wp-json\/wp\/v2\/pages\/246\/revisions"}],"wp:attachment":[{"href":"https:\/\/www.ps.ro\/web\/wp-json\/wp\/v2\/media?parent=246"}],"curies":[{"name":"wp","href":"https:\/\/api.w.org\/{rel}","templated":true}]}}